{"id":868,"date":"2021-06-29T20:46:17","date_gmt":"2021-06-29T23:46:17","guid":{"rendered":"https:\/\/ies6052-sal.infd.edu.ar\/sitio\/?page_id=868"},"modified":"2023-09-27T21:51:59","modified_gmt":"2023-09-28T00:51:59","slug":"formularios-de-inscripcion-para-examen","status":"publish","type":"page","link":"https:\/\/ies6052-sal.infd.edu.ar\/sitio\/formularios-de-inscripcion-para-examen\/","title":{"rendered":"Formularios de Inscripci\u00f3n para Examen"},"content":{"rendered":"<h6>En \u00e9ste espacio encontrar\u00e1n las<strong> FICHAS DE INSCRIPCI\u00d3N<\/strong> para las mesas examinadoras tanto para plan viejo como para plan nuevo. Las pueden descargar haciendo click en los link que a continuaci\u00f3n encontrar\u00e1n:<\/h6>\n<p><strong>PLAN NUEVO\u00a0<\/strong><\/p>\n<h6><a href=\"https:\/\/ies6052-sal.infd.edu.ar\/sitio\/wp-content\/uploads\/2021\/04\/Ficha-de-inscripcion-para-examen-Plan-Nuevo.pdf\">https:\/\/ies6052-sal.infd.edu.ar\/sitio\/wp-content\/uploads\/2021\/04\/Ficha-de-inscripcion-para-examen-Plan-Nuevo.pdf<\/a><\/h6>\n<p><strong>PLAN VIEJO<\/strong><\/p>\n<h6><a href=\"https:\/\/ies6052-sal.infd.edu.ar\/sitio\/wp-content\/uploads\/2021\/04\/Ficha-de-inscripcion-para-examen-Plan-Viejo.pdf\">https:\/\/ies6052-sal.infd.edu.ar\/sitio\/wp-content\/uploads\/2021\/04\/Ficha-de-inscripcion-para-examen-Plan-Viejo.pdf<\/a><\/h6>\n<p>Fechas de Inscripci\u00f3n<\/p>\n<p><strong>Turno Ordinario JULIO &#8211; AGOSTO 2023<\/strong><\/p>\n<p>1\u00b0 Llamado Julio:\u00a0 &#8211; Horario de Inscripci\u00f3n:19.30 a 21.30 hs<\/p>\n<p>2\u00b0 Llamado Julio:\u00a0 &#8211; Horarios de Inscripci\u00f3n:\u00a0\u00a019.30 a 21.30hs.<\/p>\n<p><strong>Turno Ordinado Diciembre 2023\u00a0 \u00a0<\/strong><\/p>\n<p>1\u00b0 Llamado: &#8211; Horario de Inscripci\u00f3n: 19.30 a 21.30 hs.<\/p>\n<p>2\u00b0 Llamado: &#8211; Horario de Inscripci\u00f3n: 19.30 a 21.30 hs.<\/p>\n<p><strong>Turno Ordinario Febrero &#8211; Marzo 2024<\/strong><\/p>\n<p>1\u00b0 Llamado: &#8211; Horario de Inscripci\u00f3n: 19.30 a 21.30 hs.<\/p>\n<p>2\u00b0 Llamado: &#8211; Horario de Inscripci\u00f3n: 19.30 a 21.30 hs.<\/p>\n","protected":false},"excerpt":{"rendered":"<p>En \u00e9ste espacio encontrar\u00e1n las FICHAS DE INSCRIPCI\u00d3N para las mesas examinadoras tanto para plan viejo como para plan nuevo. Las pueden descargar haciendo click en los link que a continuaci\u00f3n encontrar\u00e1n: PLAN NUEVO\u00a0 https:\/\/ies6052-sal.infd.edu.ar\/sitio\/wp-content\/uploads\/2021\/04\/Ficha-de-inscripcion-para-examen-Plan-Nuevo.pdf PLAN VIEJO https:\/\/ies6052-sal.infd.edu.ar\/sitio\/wp-content\/uploads\/2021\/04\/Ficha-de-inscripcion-para-examen-Plan-Viejo.pdf Fechas de Inscripci\u00f3n Turno Ordinario JULIO &#8211; AGOSTO 2023 1\u00b0 Llamado Julio:\u00a0 &#8211; Horario de Inscripci\u00f3n:19.30 a &#8230; <a title=\"Formularios de Inscripci\u00f3n para Examen\" class=\"read-more\" href=\"https:\/\/ies6052-sal.infd.edu.ar\/sitio\/formularios-de-inscripcion-para-examen\/\" aria-label=\"More on Formularios de Inscripci\u00f3n para Examen\">[+]<\/a><\/p>\n","protected":false},"author":11,"featured_media":0,"parent":0,"menu_order":0,"comment_status":"closed","ping_status":"closed","template":"","meta":[],"acf":[],"_links":{"self":[{"href":"https:\/\/ies6052-sal.infd.edu.ar\/sitio\/wp-json\/wp\/v2\/pages\/868"}],"collection":[{"href":"https:\/\/ies6052-sal.infd.edu.ar\/sitio\/wp-json\/wp\/v2\/pages"}],"about":[{"href":"https:\/\/ies6052-sal.infd.edu.ar\/sitio\/wp-json\/wp\/v2\/types\/page"}],"author":[{"embeddable":true,"href":"https:\/\/ies6052-sal.infd.edu.ar\/sitio\/wp-json\/wp\/v2\/users\/11"}],"replies":[{"embeddable":true,"href":"https:\/\/ies6052-sal.infd.edu.ar\/sitio\/wp-json\/wp\/v2\/comments?post=868"}],"version-history":[{"count":3,"href":"https:\/\/ies6052-sal.infd.edu.ar\/sitio\/wp-json\/wp\/v2\/pages\/868\/revisions"}],"predecessor-version":[{"id":920,"href":"https:\/\/ies6052-sal.infd.edu.ar\/sitio\/wp-json\/wp\/v2\/pages\/868\/revisions\/920"}],"wp:attachment":[{"href":"https:\/\/ies6052-sal.infd.edu.ar\/sitio\/wp-json\/wp\/v2\/media?parent=868"}],"curies":[{"name":"wp","href":"https:\/\/api.w.org\/{rel}","templated":true}]}}