{"id":858,"date":"2021-06-08T20:39:45","date_gmt":"2021-06-08T23:39:45","guid":{"rendered":"https:\/\/ies6052-sal.infd.edu.ar\/sitio\/?page_id=858"},"modified":"2023-09-27T21:59:40","modified_gmt":"2023-09-28T00:59:40","slug":"examenes-2021-2022","status":"publish","type":"page","link":"https:\/\/ies6052-sal.infd.edu.ar\/sitio\/examenes-2021-2022\/","title":{"rendered":"EXAMENES 2023-2024"},"content":{"rendered":"<p>Estimados Estudiantes, comunicamos las fechas de Ex\u00e1menes Ordinarios 2023-24. Las mimas comprenden los meses de: Julio-Diciembre 2023 y Febrero 2024.<\/p>\n<p>Las fechas est\u00e1n organizadas seg\u00fan los llamados que se dividen en los meses antes mencionados. Siendo las filas remarcadas\u00a0 las fechas correspondiente a Primer Llamado\u00a0 y Segundo llamado del mes de Diciembre 2023 . Y las \u00faltimas filas para el mes de febrero.<\/p>\n<p>Las Inscripciones ser\u00e1n 3 d\u00edas antes del primer turno de cada\u00a0 examen en los meses correspondientes.<\/p>\n<p>Las Inscripciones para turno de Diciembre 2023 se realizar\u00e1 los d\u00edas:<\/p>\n<p><strong>Primer Turno:\u00a0 de Noviembre y el\u00a0 de diciembre.<\/strong><\/p>\n<p><strong>Segundo Turno:\u00a0 de Diciembre.\u00a0<\/strong><\/p>\n<p>Inscripciones para turno Febrero 2024:<\/p>\n<p><strong>Primer Turno: de Febrero<\/strong><\/p>\n<p><strong>Segundo Turno: de Febrero<\/strong><\/p>\n<p><img decoding=\"async\" loading=\"lazy\" class=\"wp-image-892  aligncenter\" src=\"https:\/\/ies6052-sal.infd.edu.ar\/sitio\/wp-content\/uploads\/2021\/10\/examenes.jpg\" alt=\"\" width=\"210\" height=\"157\" \/><\/p>\n","protected":false},"excerpt":{"rendered":"<p>Estimados Estudiantes, comunicamos las fechas de Ex\u00e1menes Ordinarios 2023-24. Las mimas comprenden los meses de: Julio-Diciembre 2023 y Febrero 2024. Las fechas est\u00e1n organizadas seg\u00fan los llamados que se dividen en los meses antes mencionados. Siendo las filas remarcadas\u00a0 las fechas correspondiente a Primer Llamado\u00a0 y Segundo llamado del mes de Diciembre 2023 . Y &#8230; <a title=\"EXAMENES 2023-2024\" class=\"read-more\" href=\"https:\/\/ies6052-sal.infd.edu.ar\/sitio\/examenes-2021-2022\/\" aria-label=\"More on EXAMENES 2023-2024\">[+]<\/a><\/p>\n","protected":false},"author":11,"featured_media":0,"parent":0,"menu_order":0,"comment_status":"closed","ping_status":"closed","template":"","meta":[],"acf":[],"_links":{"self":[{"href":"https:\/\/ies6052-sal.infd.edu.ar\/sitio\/wp-json\/wp\/v2\/pages\/858"}],"collection":[{"href":"https:\/\/ies6052-sal.infd.edu.ar\/sitio\/wp-json\/wp\/v2\/pages"}],"about":[{"href":"https:\/\/ies6052-sal.infd.edu.ar\/sitio\/wp-json\/wp\/v2\/types\/page"}],"author":[{"embeddable":true,"href":"https:\/\/ies6052-sal.infd.edu.ar\/sitio\/wp-json\/wp\/v2\/users\/11"}],"replies":[{"embeddable":true,"href":"https:\/\/ies6052-sal.infd.edu.ar\/sitio\/wp-json\/wp\/v2\/comments?post=858"}],"version-history":[{"count":5,"href":"https:\/\/ies6052-sal.infd.edu.ar\/sitio\/wp-json\/wp\/v2\/pages\/858\/revisions"}],"predecessor-version":[{"id":922,"href":"https:\/\/ies6052-sal.infd.edu.ar\/sitio\/wp-json\/wp\/v2\/pages\/858\/revisions\/922"}],"wp:attachment":[{"href":"https:\/\/ies6052-sal.infd.edu.ar\/sitio\/wp-json\/wp\/v2\/media?parent=858"}],"curies":[{"name":"wp","href":"https:\/\/api.w.org\/{rel}","templated":true}]}}