{"id":799,"date":"2021-02-26T21:23:05","date_gmt":"2021-02-27T00:23:05","guid":{"rendered":"https:\/\/ies6052-sal.infd.edu.ar\/sitio\/?page_id=799"},"modified":"2023-09-27T22:11:42","modified_gmt":"2023-09-28T01:11:42","slug":"informacion-becas-progresar","status":"publish","type":"page","link":"https:\/\/ies6052-sal.infd.edu.ar\/sitio\/informacion-becas-progresar\/","title":{"rendered":"Informaci\u00f3n BECAS PROGRESAR"},"content":{"rendered":"<p><span style=\"color: #003300;\">\u00a0<strong>Estimados,\u00a0<\/strong><\/span><\/p>\n<p><span style=\"color: #003300;\"><strong>La inscripci\u00f3n al programa ser\u00e1 a partir del\u00a0d\u00eda 1 de Marzo hasta el d\u00eda 30 de Abril.<\/strong><\/span><\/p>\n<p><span style=\"color: #003300;\"><strong>Para este a\u00f1o el programa ampl\u00eda la modalidad para la inscripci\u00f3n, siendo dos los canales posibles para poder inscribirse:<\/strong><\/span><\/p>\n<p><span style=\"color: #003300;\"><strong>a)\u00a0 Aplicativo App-Progresar (de f\u00e1cil descarga y uso). Estar\u00e1 disponible en la plataforma Google Play\/Play Store \u2013 celulares m\u00f3viles con sistema operativo Android<\/strong><\/span><\/p>\n<p><span style=\"color: #003300;\"><strong>b)\u00a0 P\u00e1gina Web del PROGRESAR<span style=\"color: #3366ff;\"> (<a style=\"color: #3366ff;\" href=\"https:\/\/progresar.educacion.gob.ar\/\" data-saferedirecturl=\"https:\/\/www.google.com\/url?q=https:\/\/progresar.educacion.gob.ar\/&amp;source=gmail&amp;ust=1614471274077000&amp;usg=AFQjCNHAvAivsLZFD4mIJnm4xZI6TgjtCw\">https:\/\/progresar.educacion.gob.ar\/<\/a>)<\/span><\/strong><\/span><\/p>\n<p><span style=\"color: #003300;\"><strong>En cuanto a las novedades respecto a las\u00a0poblaciones estudiantiles:<\/strong><\/span><\/p>\n<p><span style=\"color: #003300;\"><strong>Siendo extranjero se podr\u00e1 inscribir teniendo\u00a0 DNI\u00a0 y con\u00a0 2 A\u00f1os de residencia.<\/strong><\/span><\/p>\n<p style=\"font-weight: 400;\"><span style=\"color: #003300;\"><strong>Para quienes aspiren a\u00a0PRONAFE\u00a0 (estudiantes de enfermer\u00eda en Institutos de gesti\u00f3n\u00a0 estatal) deben haber residido 5 a\u00f1os en el pa\u00eds)<\/strong><\/span><\/p>\n<h5><a href=\"https:\/\/www.argentina.gob.ar\/sites\/default\/files\/if-2023-21086191-apn-dnbydeme.pdf\" target=\"_blank\" rel=\"noopener\"><strong>Reglamento<\/strong><\/a><\/h5>\n<p style=\"font-weight: 400;\">\n","protected":false},"excerpt":{"rendered":"<p>\u00a0Estimados,\u00a0 La inscripci\u00f3n al programa ser\u00e1 a partir del\u00a0d\u00eda 1 de Marzo hasta el d\u00eda 30 de Abril. Para este a\u00f1o el programa ampl\u00eda la modalidad para la inscripci\u00f3n, siendo dos los canales posibles para poder inscribirse: a)\u00a0 Aplicativo App-Progresar (de f\u00e1cil descarga y uso). Estar\u00e1 disponible en la plataforma Google Play\/Play Store \u2013 celulares &#8230; <a title=\"Informaci\u00f3n BECAS PROGRESAR\" class=\"read-more\" href=\"https:\/\/ies6052-sal.infd.edu.ar\/sitio\/informacion-becas-progresar\/\" aria-label=\"More on Informaci\u00f3n BECAS PROGRESAR\">[+]<\/a><\/p>\n","protected":false},"author":11,"featured_media":0,"parent":0,"menu_order":0,"comment_status":"closed","ping_status":"closed","template":"","meta":[],"acf":[],"_links":{"self":[{"href":"https:\/\/ies6052-sal.infd.edu.ar\/sitio\/wp-json\/wp\/v2\/pages\/799"}],"collection":[{"href":"https:\/\/ies6052-sal.infd.edu.ar\/sitio\/wp-json\/wp\/v2\/pages"}],"about":[{"href":"https:\/\/ies6052-sal.infd.edu.ar\/sitio\/wp-json\/wp\/v2\/types\/page"}],"author":[{"embeddable":true,"href":"https:\/\/ies6052-sal.infd.edu.ar\/sitio\/wp-json\/wp\/v2\/users\/11"}],"replies":[{"embeddable":true,"href":"https:\/\/ies6052-sal.infd.edu.ar\/sitio\/wp-json\/wp\/v2\/comments?post=799"}],"version-history":[{"count":4,"href":"https:\/\/ies6052-sal.infd.edu.ar\/sitio\/wp-json\/wp\/v2\/pages\/799\/revisions"}],"predecessor-version":[{"id":926,"href":"https:\/\/ies6052-sal.infd.edu.ar\/sitio\/wp-json\/wp\/v2\/pages\/799\/revisions\/926"}],"wp:attachment":[{"href":"https:\/\/ies6052-sal.infd.edu.ar\/sitio\/wp-json\/wp\/v2\/media?parent=799"}],"curies":[{"name":"wp","href":"https:\/\/api.w.org\/{rel}","templated":true}]}}