{"id":785,"date":"2020-12-17T17:25:40","date_gmt":"2020-12-17T20:25:40","guid":{"rendered":"https:\/\/ies6052-sal.infd.edu.ar\/sitio\/?page_id=785"},"modified":"2023-09-27T20:43:59","modified_gmt":"2023-09-27T23:43:59","slug":"plan-de-estudios","status":"publish","type":"page","link":"https:\/\/ies6052-sal.infd.edu.ar\/sitio\/plan-de-estudios\/","title":{"rendered":"DISE\u00d1OS CURRICULARES"},"content":{"rendered":"<p><strong>TECNICATURA SUPERIOR EN GESTI\u00d3N DE SISTEMAS AGROGANADEROS<\/strong><\/p>\n<p><a href=\"https:\/\/1drv.ms\/b\/s!Am6yXf_zD9cvjJxHvw8SZsLPUD-lUA?e=6Fnc5g\" target=\"_blank\" rel=\"noopener\">Res 050-23 TS en Gesti\u00f3n de Sistemas Agroganaderos<\/a><\/p>\n<p><strong>TECNICATURA SUPERIOR EN RECURSOS HIDRICOS<\/strong><\/p>\n<p><a href=\"https:\/\/1drv.ms\/b\/s!Am6yXf_zD9cvjJsiaOXZvzs-ms6iLQ?e=rNY6vh\" target=\"_blank\" rel=\"noopener\">Res-045-23 TS en Recursos H\u00eddricos<\/a><\/p>\n","protected":false},"excerpt":{"rendered":"<p>TECNICATURA SUPERIOR EN GESTI\u00d3N DE SISTEMAS AGROGANADEROS Res 050-23 TS en Gesti\u00f3n de Sistemas Agroganaderos TECNICATURA SUPERIOR EN RECURSOS HIDRICOS Res-045-23 TS en Recursos H\u00eddricos<\/p>\n","protected":false},"author":11,"featured_media":0,"parent":0,"menu_order":0,"comment_status":"closed","ping_status":"closed","template":"","meta":[],"acf":[],"_links":{"self":[{"href":"https:\/\/ies6052-sal.infd.edu.ar\/sitio\/wp-json\/wp\/v2\/pages\/785"}],"collection":[{"href":"https:\/\/ies6052-sal.infd.edu.ar\/sitio\/wp-json\/wp\/v2\/pages"}],"about":[{"href":"https:\/\/ies6052-sal.infd.edu.ar\/sitio\/wp-json\/wp\/v2\/types\/page"}],"author":[{"embeddable":true,"href":"https:\/\/ies6052-sal.infd.edu.ar\/sitio\/wp-json\/wp\/v2\/users\/11"}],"replies":[{"embeddable":true,"href":"https:\/\/ies6052-sal.infd.edu.ar\/sitio\/wp-json\/wp\/v2\/comments?post=785"}],"version-history":[{"count":4,"href":"https:\/\/ies6052-sal.infd.edu.ar\/sitio\/wp-json\/wp\/v2\/pages\/785\/revisions"}],"predecessor-version":[{"id":907,"href":"https:\/\/ies6052-sal.infd.edu.ar\/sitio\/wp-json\/wp\/v2\/pages\/785\/revisions\/907"}],"wp:attachment":[{"href":"https:\/\/ies6052-sal.infd.edu.ar\/sitio\/wp-json\/wp\/v2\/media?parent=785"}],"curies":[{"name":"wp","href":"https:\/\/api.w.org\/{rel}","templated":true}]}}