{"id":768,"date":"2018-07-26T14:05:47","date_gmt":"2018-07-26T17:05:47","guid":{"rendered":"https:\/\/ies6052-sal.infd.edu.ar\/sitio\/?page_id=768"},"modified":"2023-09-27T22:24:36","modified_gmt":"2023-09-28T01:24:36","slug":"docentes","status":"publish","type":"page","link":"https:\/\/ies6052-sal.infd.edu.ar\/sitio\/docentes\/","title":{"rendered":"Docentes"},"content":{"rendered":"<p><img decoding=\"async\" loading=\"lazy\" class=\"alignnone wp-image-10461 size-full\" src=\"https:\/\/red.infd.edu.ar\/wp-content\/uploads\/2023\/07\/SFI_A_1_TITULAR.png\" sizes=\"(max-width: 634px) 100vw, 634px\" srcset=\"https:\/\/red.infd.edu.ar\/wp-content\/uploads\/2023\/07\/SFI_A_1_TITULAR.png 634w, https:\/\/red.infd.edu.ar\/wp-content\/uploads\/2023\/07\/SFI_A_1_TITULAR-600x102.png 600w\" alt=\"\" width=\"634\" height=\"108\" \/><\/p>\n<div class=\"lgc-column lgc-grid-parent lgc-grid-50 lgc-tablet-grid-50 lgc-mobile-grid-100 lgc-equal-heights lgc-first\">\n<div class=\"inside-grid-column\">El Seminario Federal Itinerante\u00a0<strong>\u201cRepensar la pedagog\u00eda de la formaci\u00f3n docente: curr\u00edculum, disciplinas y saber pedag\u00f3gico\u201d<\/strong>\u00a0est\u00e1 dirigido a relevar, problematizar, debatir y construir consensos y distinciones en torno de cuestiones que vienen afectando dimensiones pedag\u00f3gicas medulares de la formaci\u00f3n inicial de los docentes en Argentina.<\/div>\n<div><\/div>\n<\/div>\n<div class=\"lgc-column lgc-grid-parent lgc-grid-50 lgc-tablet-grid-50 lgc-mobile-grid-100 lgc-equal-heights lgc-last\">\n<div class=\"inside-grid-column\"><a href=\"https:\/\/nuestraescuela.infd.edu.ar\/catalogo.cgi?embed=&amp;filter_categoria=todos&amp;filter_costo=todos&amp;id_empresa=&amp;keywords=&amp;oferta_id=304&amp;page=1&amp;wAccion=oferta_view\" target=\"_blank\" rel=\"noopener\"><img decoding=\"async\" loading=\"lazy\" class=\"alignnone wp-image-10462 size-full\" src=\"https:\/\/red.infd.edu.ar\/wp-content\/uploads\/2023\/07\/SFI_A_6_BOTON.png\" alt=\"\" width=\"357\" height=\"224\" \/><\/a><\/div>\n<\/div>\n<div class=\"lgc-clear\"><\/div>\n<h3><strong>\u00bfC\u00f3mo es la cursada?<\/strong><\/h3>\n<div class=\"lgc-column lgc-grid-parent lgc-grid-50 lgc-tablet-grid-50 lgc-mobile-grid-100 lgc-equal-heights lgc-first\">\n<div class=\"inside-grid-column\"><img decoding=\"async\" loading=\"lazy\" class=\"alignnone size-full wp-image-10463\" src=\"https:\/\/red.infd.edu.ar\/wp-content\/uploads\/2023\/07\/SFI_A_4_BULLETS_1.png\" alt=\"\" width=\"357\" height=\"244\" \/><\/div>\n<\/div>\n<div class=\"lgc-column lgc-grid-parent lgc-grid-50 lgc-tablet-grid-50 lgc-mobile-grid-100 lgc-equal-heights lgc-last\">\n<div class=\"inside-grid-column\"><img decoding=\"async\" loading=\"lazy\" class=\"alignnone wp-image-10464 size-full\" src=\"https:\/\/red.infd.edu.ar\/wp-content\/uploads\/2023\/07\/SFI_A_5_BULLETS_2.png\" alt=\"\" width=\"356\" height=\"175\" \/><\/div>\n<\/div>\n","protected":false},"excerpt":{"rendered":"<p>El Seminario Federal Itinerante\u00a0\u201cRepensar la pedagog\u00eda de la formaci\u00f3n docente: curr\u00edculum, disciplinas y saber pedag\u00f3gico\u201d\u00a0est\u00e1 dirigido a relevar, problematizar, debatir y construir consensos y distinciones en torno de cuestiones que vienen afectando dimensiones pedag\u00f3gicas medulares de la formaci\u00f3n inicial de los docentes en Argentina. \u00bfC\u00f3mo es la cursada?<\/p>\n","protected":false},"author":6,"featured_media":0,"parent":0,"menu_order":0,"comment_status":"closed","ping_status":"closed","template":"","meta":[],"acf":[],"_links":{"self":[{"href":"https:\/\/ies6052-sal.infd.edu.ar\/sitio\/wp-json\/wp\/v2\/pages\/768"}],"collection":[{"href":"https:\/\/ies6052-sal.infd.edu.ar\/sitio\/wp-json\/wp\/v2\/pages"}],"about":[{"href":"https:\/\/ies6052-sal.infd.edu.ar\/sitio\/wp-json\/wp\/v2\/types\/page"}],"author":[{"embeddable":true,"href":"https:\/\/ies6052-sal.infd.edu.ar\/sitio\/wp-json\/wp\/v2\/users\/6"}],"replies":[{"embeddable":true,"href":"https:\/\/ies6052-sal.infd.edu.ar\/sitio\/wp-json\/wp\/v2\/comments?post=768"}],"version-history":[{"count":4,"href":"https:\/\/ies6052-sal.infd.edu.ar\/sitio\/wp-json\/wp\/v2\/pages\/768\/revisions"}],"predecessor-version":[{"id":927,"href":"https:\/\/ies6052-sal.infd.edu.ar\/sitio\/wp-json\/wp\/v2\/pages\/768\/revisions\/927"}],"wp:attachment":[{"href":"https:\/\/ies6052-sal.infd.edu.ar\/sitio\/wp-json\/wp\/v2\/media?parent=768"}],"curies":[{"name":"wp","href":"https:\/\/api.w.org\/{rel}","templated":true}]}}