{"id":685,"date":"2018-07-25T15:06:42","date_gmt":"2018-07-25T18:06:42","guid":{"rendered":"https:\/\/ies6052-sal.infd.edu.ar\/sitio\/?page_id=685"},"modified":"2023-09-26T22:07:37","modified_gmt":"2023-09-27T01:07:37","slug":"autoridades","status":"publish","type":"page","link":"https:\/\/ies6052-sal.infd.edu.ar\/sitio\/institucional\/autoridades\/","title":{"rendered":"Autoridades"},"content":{"rendered":"<h4><span style=\"color: #003300;\"><em><strong>RECTORA: Ing. Marta Donadio<\/strong><\/em><\/span><\/h4>\n<h4><span style=\"color: #003300;\"><em><strong>Coordinadora Pedag\u00f3gica: Prof. Ponce Guadalupe<\/strong><\/em><\/span><\/h4>\n<h4><span style=\"color: #003300;\"><em><strong>Secretario: Sr. Ra\u00fal S\u00e1nchez<\/strong><\/em><\/span><\/h4>\n<h4><span style=\"color: #003300;\"><em><strong>Coordinadora de Carrera: Ing. Carina Bay\u00f3n<\/strong><\/em><\/span><\/h4>\n<h4><span style=\"color: #003300;\"><em><strong>Auxiliar de Pr\u00e1cticas: Ing. Mart\u00edn Merani<\/strong><\/em><\/span><\/h4>\n<h4><span style=\"color: #003300;\"><em><strong>Preceptor: Sr. Francisco Jaime<\/strong><\/em><\/span><\/h4>\n<h4><span style=\"color: #003300;\"><em><span style=\"color: #003300;\">Responsable T\u00e9cnico Institucional: Ing. Javier Daza<\/span><\/em><\/span><\/h4>\n","protected":false},"excerpt":{"rendered":"<p>RECTORA: Ing. Marta Donadio Coordinadora Pedag\u00f3gica: Prof. Ponce Guadalupe Secretario: Sr. Ra\u00fal S\u00e1nchez Coordinadora de Carrera: Ing. Carina Bay\u00f3n Auxiliar de Pr\u00e1cticas: Ing. Mart\u00edn Merani Preceptor: Sr. Francisco Jaime Responsable T\u00e9cnico Institucional: Ing. Javier Daza<\/p>\n","protected":false},"author":6,"featured_media":0,"parent":683,"menu_order":0,"comment_status":"closed","ping_status":"closed","template":"","meta":[],"acf":[],"_links":{"self":[{"href":"https:\/\/ies6052-sal.infd.edu.ar\/sitio\/wp-json\/wp\/v2\/pages\/685"}],"collection":[{"href":"https:\/\/ies6052-sal.infd.edu.ar\/sitio\/wp-json\/wp\/v2\/pages"}],"about":[{"href":"https:\/\/ies6052-sal.infd.edu.ar\/sitio\/wp-json\/wp\/v2\/types\/page"}],"author":[{"embeddable":true,"href":"https:\/\/ies6052-sal.infd.edu.ar\/sitio\/wp-json\/wp\/v2\/users\/6"}],"replies":[{"embeddable":true,"href":"https:\/\/ies6052-sal.infd.edu.ar\/sitio\/wp-json\/wp\/v2\/comments?post=685"}],"version-history":[{"count":10,"href":"https:\/\/ies6052-sal.infd.edu.ar\/sitio\/wp-json\/wp\/v2\/pages\/685\/revisions"}],"predecessor-version":[{"id":904,"href":"https:\/\/ies6052-sal.infd.edu.ar\/sitio\/wp-json\/wp\/v2\/pages\/685\/revisions\/904"}],"up":[{"embeddable":true,"href":"https:\/\/ies6052-sal.infd.edu.ar\/sitio\/wp-json\/wp\/v2\/pages\/683"}],"wp:attachment":[{"href":"https:\/\/ies6052-sal.infd.edu.ar\/sitio\/wp-json\/wp\/v2\/media?parent=685"}],"curies":[{"name":"wp","href":"https:\/\/api.w.org\/{rel}","templated":true}]}}