{"id":644,"date":"2018-06-18T14:12:35","date_gmt":"2018-06-18T17:12:35","guid":{"rendered":"https:\/\/ies6052-sal.infd.edu.ar\/sitio\/?page_id=644"},"modified":"2021-03-10T22:11:31","modified_gmt":"2021-03-11T01:11:31","slug":"catalogo","status":"publish","type":"page","link":"https:\/\/ies6052-sal.infd.edu.ar\/sitio\/catalogo\/","title":{"rendered":"Carreras"},"content":{"rendered":"<p><a href=\"https:\/\/dges-sal.infd.edu.ar\/sitio\/tecnicaturas\/upload\/Res._1532-2016_TS_en_Gestion_Agropecuaria_c-o_en_produccion_ani.pdf\">Tecnicatura Superior en Gesti\u00f3n Agropecuaria con Orientaci\u00f3n en Producci\u00f3n Animal\u00a0<\/a><\/p>\n","protected":false},"excerpt":{"rendered":"<p>Tecnicatura Superior en Gesti\u00f3n Agropecuaria con Orientaci\u00f3n en Producci\u00f3n Animal\u00a0<\/p>\n","protected":false},"author":1,"featured_media":0,"parent":0,"menu_order":0,"comment_status":"closed","ping_status":"closed","template":"","meta":[],"acf":[],"_links":{"self":[{"href":"https:\/\/ies6052-sal.infd.edu.ar\/sitio\/wp-json\/wp\/v2\/pages\/644"}],"collection":[{"href":"https:\/\/ies6052-sal.infd.edu.ar\/sitio\/wp-json\/wp\/v2\/pages"}],"about":[{"href":"https:\/\/ies6052-sal.infd.edu.ar\/sitio\/wp-json\/wp\/v2\/types\/page"}],"author":[{"embeddable":true,"href":"https:\/\/ies6052-sal.infd.edu.ar\/sitio\/wp-json\/wp\/v2\/users\/1"}],"replies":[{"embeddable":true,"href":"https:\/\/ies6052-sal.infd.edu.ar\/sitio\/wp-json\/wp\/v2\/comments?post=644"}],"version-history":[{"count":9,"href":"https:\/\/ies6052-sal.infd.edu.ar\/sitio\/wp-json\/wp\/v2\/pages\/644\/revisions"}],"predecessor-version":[{"id":845,"href":"https:\/\/ies6052-sal.infd.edu.ar\/sitio\/wp-json\/wp\/v2\/pages\/644\/revisions\/845"}],"wp:attachment":[{"href":"https:\/\/ies6052-sal.infd.edu.ar\/sitio\/wp-json\/wp\/v2\/media?parent=644"}],"curies":[{"name":"wp","href":"https:\/\/api.w.org\/{rel}","templated":true}]}}