{"id":318,"date":"2016-10-31T14:20:44","date_gmt":"2016-10-31T17:20:44","guid":{"rendered":"https:\/\/ies6052-sal.infd.edu.ar\/sitio\/?page_id=318"},"modified":"2023-10-20T21:08:03","modified_gmt":"2023-10-21T00:08:03","slug":"contacto","status":"publish","type":"page","link":"https:\/\/ies6052-sal.infd.edu.ar\/sitio\/institucional\/contacto\/","title":{"rendered":"Datos de contacto"},"content":{"rendered":"<h2><span style=\"color: #003300;\">Comun\u00edcate con nosotros<\/span><\/h2>\n<p><span style=\"color: #008000;\"><strong>TECNICATURA SUPERIOR EN GESTI\u00d3N DE SISTEMAS AGROGANADEROS<\/strong><\/span><\/p>\n<h5><span style=\"color: #003300;\">Sede: Escuela Agr\u00edcola &#8211; <\/span><span style=\"color: #003300;\"><strong>Avda Banchick S\/N\u00b0<\/strong><\/span><\/h5>\n<h5><span style=\"color: #003300;\"><em><strong>Tel\u00e9fono: 4241247\u00a0<\/strong><\/em><\/span><\/h5>\n<p><span style=\"color: #0000ff;\"><strong>TECNICATURA SUPERIOR EN RECURSOS HIDRICOS<\/strong><\/span><\/p>\n<h5><span style=\"color: #003300;\">Anexo: Colegio Pacto de los Cerrillos &#8211; BLOA &#8211; Mariano Moreno S\/N\u00b0<\/span><\/h5>\n<h5><span style=\"color: #003300;\"><em><strong>Tel\u00e9fono: 4902723<\/strong><\/em><\/span><\/h5>\n<h5 style=\"text-align: center;\"><strong><span style=\"color: #003300;\">Horarios de atenci\u00f3n:<\/span><\/strong><\/h5>\n<p style=\"text-align: center;\"><span style=\"color: #003300;\"><strong>Lunes a Viernes de <\/strong><strong>19:30 a 22:00<\/strong><\/span><\/p>\n<h5><span style=\"color: #003300;\"><em><strong>E-mail: iesgestagro6052@gmail.com<\/strong><\/em><\/span><\/h5>\n<h5><span style=\"color: #003300;\"><strong>Facebook Institucional:<\/strong><\/span><\/h5>\n<ul>\n<li><a href=\"http:\/\/www.facebook.com\/photo\/?fbid=1470729613217076&amp;set=a.1470730026550368\" target=\"_blank\" rel=\"noopener\"><span style=\"color: #003300;\"><b>Tecnicatura Superior En Gesti\u00f3n Agropecuaria<\/b><\/span><\/a><\/li>\n<\/ul>\n<h5><span style=\"color: #003300;\"><strong>Instagram Institucional:<\/strong><\/span><\/h5>\n<ul>\n<li>\n<div class=\"x9f619 xjbqb8w x78zum5 x168nmei x13lgxp2 x5pf9jr xo71vjh x1mh8g0r x1uhb9sk x1plvlek xryxfnj x1iyjqo2 x2lwn1j xeuugli x1q0g3np xqjyukv x1qjc9v5 x1oa3qoh x1nhvcw1\"><a href=\"https:\/\/www.instagram.com\/ies_6052\/\" target=\"_blank\" rel=\"noopener\">https:\/\/www.instagram.com\/ies_6052\/<\/a><\/div>\n<\/li>\n<\/ul>\n<h5><\/h5>\n","protected":false},"excerpt":{"rendered":"<p>Comun\u00edcate con nosotros TECNICATURA SUPERIOR EN GESTI\u00d3N DE SISTEMAS AGROGANADEROS Sede: Escuela Agr\u00edcola &#8211; Avda Banchick S\/N\u00b0 Tel\u00e9fono: 4241247\u00a0 TECNICATURA SUPERIOR EN RECURSOS HIDRICOS Anexo: Colegio Pacto de los Cerrillos &#8211; BLOA &#8211; Mariano Moreno S\/N\u00b0 Tel\u00e9fono: 4902723 Horarios de atenci\u00f3n: Lunes a Viernes de 19:30 a 22:00 E-mail: iesgestagro6052@gmail.com Facebook Institucional: Tecnicatura Superior En &#8230; <a title=\"Datos de contacto\" class=\"read-more\" href=\"https:\/\/ies6052-sal.infd.edu.ar\/sitio\/institucional\/contacto\/\" aria-label=\"More on Datos de contacto\">[+]<\/a><\/p>\n","protected":false},"author":1,"featured_media":0,"parent":683,"menu_order":0,"comment_status":"closed","ping_status":"closed","template":"","meta":[],"acf":[],"_links":{"self":[{"href":"https:\/\/ies6052-sal.infd.edu.ar\/sitio\/wp-json\/wp\/v2\/pages\/318"}],"collection":[{"href":"https:\/\/ies6052-sal.infd.edu.ar\/sitio\/wp-json\/wp\/v2\/pages"}],"about":[{"href":"https:\/\/ies6052-sal.infd.edu.ar\/sitio\/wp-json\/wp\/v2\/types\/page"}],"author":[{"embeddable":true,"href":"https:\/\/ies6052-sal.infd.edu.ar\/sitio\/wp-json\/wp\/v2\/users\/1"}],"replies":[{"embeddable":true,"href":"https:\/\/ies6052-sal.infd.edu.ar\/sitio\/wp-json\/wp\/v2\/comments?post=318"}],"version-history":[{"count":23,"href":"https:\/\/ies6052-sal.infd.edu.ar\/sitio\/wp-json\/wp\/v2\/pages\/318\/revisions"}],"predecessor-version":[{"id":954,"href":"https:\/\/ies6052-sal.infd.edu.ar\/sitio\/wp-json\/wp\/v2\/pages\/318\/revisions\/954"}],"up":[{"embeddable":true,"href":"https:\/\/ies6052-sal.infd.edu.ar\/sitio\/wp-json\/wp\/v2\/pages\/683"}],"wp:attachment":[{"href":"https:\/\/ies6052-sal.infd.edu.ar\/sitio\/wp-json\/wp\/v2\/media?parent=318"}],"curies":[{"name":"wp","href":"https:\/\/api.w.org\/{rel}","templated":true}]}}